{"id":3447,"date":"2025-11-27T12:03:08","date_gmt":"2025-11-27T12:03:08","guid":{"rendered":"https:\/\/ee.follol.com\/de\/?page_id=3447"},"modified":"2025-12-16T13:03:18","modified_gmt":"2025-12-16T13:03:18","slug":"karriere","status":"publish","type":"page","link":"https:\/\/www.euros-embedded.com\/de\/karriere\/","title":{"rendered":"Karriere"},"content":{"rendered":"<div class=\"fusion-fullwidth fullwidth-box fusion-builder-row-1 fusion-flex-container has-pattern-background has-mask-background nonhundred-percent-fullwidth non-hundred-percent-height-scrolling\" style=\"--awb-border-radius-top-left:0px;--awb-border-radius-top-right:0px;--awb-border-radius-bottom-right:0px;--awb-border-radius-bottom-left:0px;--awb-margin-top:60px;--awb-flex-wrap:wrap;\" ><div class=\"fusion-builder-row fusion-row fusion-flex-align-items-flex-start fusion-flex-content-wrap\" style=\"max-width:1372.8px;margin-left: calc(-4% \/ 2 );margin-right: calc(-4% \/ 2 );\"><div class=\"fusion-layout-column fusion_builder_column fusion-builder-column-0 fusion_builder_column_1_1 1_1 fusion-flex-column fusion-flex-align-self-center\" style=\"--awb-padding-left:50px;--awb-padding-right-small:0px;--awb-padding-left-small:0px;--awb-bg-size:cover;--awb-width-large:100%;--awb-margin-top-large:0px;--awb-spacing-right-large:1.92%;--awb-margin-bottom-large:0px;--awb-spacing-left-large:1.92%;--awb-width-medium:100%;--awb-order-medium:0;--awb-spacing-right-medium:1.92%;--awb-spacing-left-medium:1.92%;--awb-width-small:100%;--awb-order-small:1;--awb-spacing-right-small:1.92%;--awb-margin-bottom-small:60px;--awb-spacing-left-small:1.92%;\"><div class=\"fusion-column-wrapper fusion-column-has-shadow fusion-flex-justify-content-flex-start fusion-content-layout-column\"><div class=\"fusion-text fusion-text-1 fusion-text-no-margin\" style=\"--awb-font-size:19px;--awb-text-transform:capitalize;--awb-text-color:var(--awb-color5);--awb-margin-bottom:0px;\"><p>EUROS Embedded Systems GmBH<\/p>\n<\/div><div class=\"fusion-separator\" style=\"align-self: flex-start;margin-right:auto;width:100%;max-width:282px;\"><div class=\"fusion-separator-border sep-single sep-dotted\" style=\"--awb-height:20px;--awb-amount:20px;--awb-sep-color:var(--awb-color4);border-color:var(--awb-color4);border-top-width:1px;\"><\/div><\/div><div class=\"fusion-title title fusion-title-1 fusion-sep-none fusion-title-text fusion-title-size-two\" style=\"--awb-margin-top:20px;\"><h2 class=\"fusion-title-heading title-heading-left\" style=\"margin:0;\">Karriere<\/h2><\/div><div class=\"fusion-text fusion-text-2 fusion-text-no-margin\" style=\"--awb-margin-top:6px;--awb-margin-bottom:30px;\"><p>Sie begeistern sich f\u00fcr Embedded Systems und m\u00f6chten an der Entwicklung innovativer L\u00f6sungen mitwirken?<\/p>\n<p>Oder m\u00f6chten Sie Theorie und Praxis als Praktikant, Trainee oder Diplomstudent erfolgreich verbinden?<\/p>\n<p>Dann bewerben Sie sich bei uns! Wir sind stets auf der Suche nach engagierten und proaktiven neuen Kolleginnen und Kollegen, die unser Team verst\u00e4rken und uns dabei unterst\u00fctzen, einzigartige Kundenerlebnisse zu schaffen!<\/p>\n<p>Bitte senden Sie Ihre Bewerbung an <a href=\"mailto:info@euros-embedded.com\">info@euros-embedded.com<\/a>.<\/p>\n<\/div><\/div><\/div><\/div><\/div>\n","protected":false},"excerpt":{"rendered":"","protected":false},"author":1,"featured_media":0,"parent":0,"menu_order":0,"comment_status":"closed","ping_status":"closed","template":"100-width.php","meta":{"_acf_changed":false,"footnotes":""},"class_list":["post-3447","page","type-page","status-publish","hentry"],"acf":[],"yoast_head":"<!-- This site is optimized with the Yoast SEO plugin v26.5 - https:\/\/yoast.com\/wordpress\/plugins\/seo\/ -->\n<title>Karriere - EUROS Embedded System GmbH<\/title>\n<meta name=\"robots\" content=\"index, follow, max-snippet:-1, max-image-preview:large, max-video-preview:-1\" \/>\n<link rel=\"canonical\" href=\"https:\/\/www.euros-embedded.com\/de\/karriere\/\" \/>\n<meta property=\"og:locale\" content=\"en_US\" \/>\n<meta property=\"og:type\" content=\"article\" \/>\n<meta property=\"og:title\" content=\"Karriere - EUROS Embedded System GmbH\" \/>\n<meta property=\"og:url\" content=\"https:\/\/www.euros-embedded.com\/de\/karriere\/\" \/>\n<meta property=\"og:site_name\" content=\"EUROS Embedded System GmbH\" \/>\n<meta property=\"article:modified_time\" content=\"2025-12-16T13:03:18+00:00\" \/>\n<meta name=\"twitter:card\" content=\"summary_large_image\" \/>\n<meta name=\"twitter:label1\" content=\"Est. reading time\" \/>\n\t<meta name=\"twitter:data1\" content=\"1 minute\" \/>\n<script type=\"application\/ld+json\" class=\"yoast-schema-graph\">{\"@context\":\"https:\/\/schema.org\",\"@graph\":[{\"@type\":\"WebPage\",\"@id\":\"https:\/\/www.euros-embedded.com\/de\/karriere\/\",\"url\":\"https:\/\/www.euros-embedded.com\/de\/karriere\/\",\"name\":\"Karriere - EUROS Embedded System GmbH\",\"isPartOf\":{\"@id\":\"https:\/\/www.euros-embedded.com\/de\/#website\"},\"datePublished\":\"2025-11-27T12:03:08+00:00\",\"dateModified\":\"2025-12-16T13:03:18+00:00\",\"breadcrumb\":{\"@id\":\"https:\/\/www.euros-embedded.com\/de\/karriere\/#breadcrumb\"},\"inLanguage\":\"en-US\",\"potentialAction\":[{\"@type\":\"ReadAction\",\"target\":[\"https:\/\/www.euros-embedded.com\/de\/karriere\/\"]}]},{\"@type\":\"BreadcrumbList\",\"@id\":\"https:\/\/www.euros-embedded.com\/de\/karriere\/#breadcrumb\",\"itemListElement\":[{\"@type\":\"ListItem\",\"position\":1,\"name\":\"Home\",\"item\":\"https:\/\/www.euros-embedded.com\/de\/\"},{\"@type\":\"ListItem\",\"position\":2,\"name\":\"Karriere\"}]},{\"@type\":\"WebSite\",\"@id\":\"https:\/\/www.euros-embedded.com\/de\/#website\",\"url\":\"https:\/\/www.euros-embedded.com\/de\/\",\"name\":\"EUROS Embedded System GmbH\",\"description\":\"\",\"potentialAction\":[{\"@type\":\"SearchAction\",\"target\":{\"@type\":\"EntryPoint\",\"urlTemplate\":\"https:\/\/www.euros-embedded.com\/de\/?s={search_term_string}\"},\"query-input\":{\"@type\":\"PropertyValueSpecification\",\"valueRequired\":true,\"valueName\":\"search_term_string\"}}],\"inLanguage\":\"en-US\"}]}<\/script>\n<!-- \/ Yoast SEO plugin. -->","yoast_head_json":{"title":"Karriere - EUROS Embedded System GmbH","robots":{"index":"index","follow":"follow","max-snippet":"max-snippet:-1","max-image-preview":"max-image-preview:large","max-video-preview":"max-video-preview:-1"},"canonical":"https:\/\/www.euros-embedded.com\/de\/karriere\/","og_locale":"en_US","og_type":"article","og_title":"Karriere - EUROS Embedded System GmbH","og_url":"https:\/\/www.euros-embedded.com\/de\/karriere\/","og_site_name":"EUROS Embedded System GmbH","article_modified_time":"2025-12-16T13:03:18+00:00","twitter_card":"summary_large_image","twitter_misc":{"Est. reading time":"1 minute"},"schema":{"@context":"https:\/\/schema.org","@graph":[{"@type":"WebPage","@id":"https:\/\/www.euros-embedded.com\/de\/karriere\/","url":"https:\/\/www.euros-embedded.com\/de\/karriere\/","name":"Karriere - EUROS Embedded System GmbH","isPartOf":{"@id":"https:\/\/www.euros-embedded.com\/de\/#website"},"datePublished":"2025-11-27T12:03:08+00:00","dateModified":"2025-12-16T13:03:18+00:00","breadcrumb":{"@id":"https:\/\/www.euros-embedded.com\/de\/karriere\/#breadcrumb"},"inLanguage":"en-US","potentialAction":[{"@type":"ReadAction","target":["https:\/\/www.euros-embedded.com\/de\/karriere\/"]}]},{"@type":"BreadcrumbList","@id":"https:\/\/www.euros-embedded.com\/de\/karriere\/#breadcrumb","itemListElement":[{"@type":"ListItem","position":1,"name":"Home","item":"https:\/\/www.euros-embedded.com\/de\/"},{"@type":"ListItem","position":2,"name":"Karriere"}]},{"@type":"WebSite","@id":"https:\/\/www.euros-embedded.com\/de\/#website","url":"https:\/\/www.euros-embedded.com\/de\/","name":"EUROS Embedded System GmbH","description":"","potentialAction":[{"@type":"SearchAction","target":{"@type":"EntryPoint","urlTemplate":"https:\/\/www.euros-embedded.com\/de\/?s={search_term_string}"},"query-input":{"@type":"PropertyValueSpecification","valueRequired":true,"valueName":"search_term_string"}}],"inLanguage":"en-US"}]}},"_links":{"self":[{"href":"https:\/\/www.euros-embedded.com\/de\/wp-json\/wp\/v2\/pages\/3447","targetHints":{"allow":["GET"]}}],"collection":[{"href":"https:\/\/www.euros-embedded.com\/de\/wp-json\/wp\/v2\/pages"}],"about":[{"href":"https:\/\/www.euros-embedded.com\/de\/wp-json\/wp\/v2\/types\/page"}],"author":[{"embeddable":true,"href":"https:\/\/www.euros-embedded.com\/de\/wp-json\/wp\/v2\/users\/1"}],"replies":[{"embeddable":true,"href":"https:\/\/www.euros-embedded.com\/de\/wp-json\/wp\/v2\/comments?post=3447"}],"version-history":[{"count":3,"href":"https:\/\/www.euros-embedded.com\/de\/wp-json\/wp\/v2\/pages\/3447\/revisions"}],"predecessor-version":[{"id":4898,"href":"https:\/\/www.euros-embedded.com\/de\/wp-json\/wp\/v2\/pages\/3447\/revisions\/4898"}],"wp:attachment":[{"href":"https:\/\/www.euros-embedded.com\/de\/wp-json\/wp\/v2\/media?parent=3447"}],"curies":[{"name":"wp","href":"https:\/\/api.w.org\/{rel}","templated":true}]}}